{"id":1047,"date":"2024-08-16T14:37:38","date_gmt":"2024-08-16T12:37:38","guid":{"rendered":"https:\/\/micropro.de\/company\/ausstattung\/"},"modified":"2026-02-19T11:17:13","modified_gmt":"2026-02-19T10:17:13","slug":"ausstattung","status":"publish","type":"page","link":"https:\/\/micropro.de\/en\/company\/ausstattung\/","title":{"rendered":"Ausstattung"},"content":{"rendered":"\n<p>In den Laboren der MicroPro GmbH stehen neben einer umfang\u00adreichen Grund\u00adaus\u00adstattung folgende Ger\u00e4te zur&nbsp;Verf\u00fcgung.<\/p>\n\n\n\n<div style=\"height:130px\" aria-hidden=\"true\" class=\"wp-block-spacer\"><\/div>\n\n\n\n<div class=\"wp-block-group left-padding-box\"><div class=\"wp-block-group__inner-container is-layout-constrained wp-block-group-is-layout-constrained\">\n<h2 class=\"wp-block-heading special\">Mikrobiologisches Labor:<\/h2>\n\n\n\n<ul class=\"wp-block-list pt-0\">\n<li>Anaerobe work&nbsp;station \u2014 f\u00fcr Arbeiten unter&nbsp;Sauerstoffausschluss<\/li>\n\n\n\n<li>Mikro\u00adbio\u00adlo\u00adgische Sicherheitswerkbank<\/li>\n\n\n\n<li>Verschiedene Mikro\u00adskope und digitale Bildbearbeitung<\/li>\n\n\n\n<li>Verschiedene Labor\u00adfer\u00admen\u00adtoren (1 Liter; 10, 30 und 80&nbsp;Liter)<\/li>\n\n\n\n<li>Klein\u00adtech\u00adni\u00adscher 250&nbsp;L\u2011Fermenter<\/li>\n\n\n\n<li>Lyophi\u00adli\u00adsation \u2014 zur Konser\u00advierung der&nbsp;Mikroorganismen<\/li>\n\n\n\n<li>Oxitop<sup>\u00ae<\/sup> \u2014 zur Bestimmung des biolo\u00adgi\u00adschen Sauer\u00adstoff\u00adbe\u00addarfs (BSB)<\/li>\n\n\n\n<li>Compu\u00adter\u00adge\u00adsteuerte Hochdruck-Apparaturen<\/li>\n\n\n\n<li>Perko\u00adla\u00adti\u00adons\u00adan\u00adlagen<\/li>\n\n\n\n<li>Sch\u00fct\u00adtel\u00adtische und tempe\u00adrierbare Inkuba\u00adtoren \u2014 f\u00fcr die Kulti\u00advierung von&nbsp;Mikroorganismen<\/li>\n\n\n\n<li>Tiefk\u00fchl\u00adschrank (-80&nbsp;\u00b0C)<\/li>\n\n\n\n<li>Zentri\u00adfugen, Extrak\u00adti\u00adons\u00adger\u00e4te, Gl\u00fch\u00f6fen<\/li>\n<\/ul>\n<\/div><\/div>\n\n\n\n<div class=\"wp-block-group left-padding-box\"><div class=\"wp-block-group__inner-container is-layout-constrained wp-block-group-is-layout-constrained\">\n<h2 class=\"wp-block-heading special\">Molekularbiologisches Labor:<\/h2>\n\n\n\n<ul class=\"wp-block-list pt-0\">\n<li>Thermo\u00adcycler und Elektro\u00adphorese \u2014 f\u00fcr die PCR\u00ae (Polymerase-Kettenreaktion)<\/li>\n\n\n\n<li>Realtime qPCR-System<\/li>\n\n\n\n<li>Vortex (Zellauf\u00adschluss)<\/li>\n\n\n\n<li>Vakuum\u00adfil\u00adtra\u00adti\u00adons\u00adein\u00adheiten<\/li>\n<\/ul>\n<\/div><\/div>\n\n\n\n<div class=\"wp-block-group left-padding-box\"><div class=\"wp-block-group__inner-container is-layout-constrained wp-block-group-is-layout-constrained\">\n<h2 class=\"wp-block-heading special\">Chemisches Labor:<\/h2>\n\n\n\n<ul class=\"wp-block-list pt-0\">\n<li>Gaschromatographie-Systeme mit verschie\u00addenen Detek\u00adtoren plus&nbsp;Autosampler<\/li>\n\n\n\n<li>GC-C-IRMS System plus Multipurpose-Sampler und&nbsp;Kaltaufgabesystem<\/li>\n\n\n\n<li>Ionenchromatograpie-System plus&nbsp;Autosampler<\/li>\n\n\n\n<li>Sulfimax (Bestimmung Gesamtsulfidgehalt)<\/li>\n\n\n\n<li>Kugel\u00adm\u00fchle (Nanome\u00adter\u00adbe\u00adreich)<\/li>\n\n\n\n<li>Vibrations-Siebmaschine<\/li>\n<\/ul>\n<\/div><\/div>\n\n\n\n<div style=\"height:100px\" aria-hidden=\"true\" class=\"wp-block-spacer\"><\/div>\n","protected":false},"excerpt":{"rendered":"<p>In den Laboren der MicroPro GmbH stehen neben einer umfang\u00adreichen Grund\u00adaus\u00adstattung folgende Ger\u00e4te zur&nbsp;Verf\u00fcgung. Mikro\u00adbio\u00adlo\u00adgi\u00adsches Labor: Moleku\u00adlar\u00adbio\u00adlo\u00adgi\u00adsches Labor: Chemi\u00adsches&nbsp;Labor:<\/p>\n","protected":false},"author":1,"featured_media":323,"parent":1030,"menu_order":0,"comment_status":"closed","ping_status":"closed","template":"page-full-width-image.php","meta":{"wp_typography_post_enhancements_disabled":false,"_hupa_show_title":true,"_hupa_custom_title":"","_hupa_title_css":"","_hupa_select_menu":1,"_hupa_select_sidebar":1,"_hupa_show_social_media":false,"_hupa_select_social_type":0,"_hupa_select_social_color":0,"_hupa_social_media_css":"","_hupa_select_handy_menu":1,"_hupa_select_top_area":1,"_hupa_show_bottom_footer":true,"_hupa_show_top_footer":false,"_hupa_show_widgets_footer":false,"_hupa_sticky_widgets_footer":1,"_hupa_select_header":0,"_hupa_select_container":0,"_hupa_top_area_container":0,"_hupa_main_container":0,"_hupa_select_footer":0,"_hupa_show_menu":true,"_hupa_show_custom_url":false,"_hupa_beitragsbild_url":"","footnotes":""},"class_list":["post-1047","page","type-page","status-publish","has-post-thumbnail","hentry"],"yoast_head":"<!-- This site is optimized with the Yoast SEO plugin v27.4 - https:\/\/yoast.com\/product\/yoast-seo-wordpress\/ -->\n<title>Ausstattung - MicroPro GmbH Microbiological Laboratories Gommern<\/title>\n<meta name=\"robots\" content=\"index, follow, max-snippet:-1, max-image-preview:large, max-video-preview:-1\" \/>\n<link rel=\"canonical\" href=\"https:\/\/micropro.de\/en\/company\/ausstattung\/\" \/>\n<meta property=\"og:locale\" content=\"en_US\" \/>\n<meta property=\"og:type\" content=\"article\" \/>\n<meta property=\"og:title\" content=\"Ausstattung - MicroPro GmbH Microbiological Laboratories Gommern\" \/>\n<meta property=\"og:description\" content=\"In den Laboren der MicroPro GmbH stehen neben einer umfang\u00adreichen Grund\u00adaus\u00adstattung folgende Ger\u00e4te zur&nbsp;Verf\u00fcgung. Mikrobiologisches Labor: Molekularbiologisches Labor: Chemisches Labor:\" \/>\n<meta property=\"og:url\" content=\"https:\/\/micropro.de\/en\/company\/ausstattung\/\" \/>\n<meta property=\"og:site_name\" content=\"MicroPro GmbH Microbiological Laboratories Gommern\" \/>\n<meta property=\"article:modified_time\" content=\"2026-02-19T10:17:13+00:00\" \/>\n<meta property=\"og:image\" content=\"https:\/\/micropro.de\/wp-content\/uploads\/2024\/01\/Labor-004-scaled.jpg\" \/>\n\t<meta property=\"og:image:width\" content=\"2560\" \/>\n\t<meta property=\"og:image:height\" content=\"1707\" \/>\n\t<meta property=\"og:image:type\" content=\"image\/jpeg\" \/>\n<meta name=\"twitter:card\" content=\"summary_large_image\" \/>\n<meta name=\"twitter:label1\" content=\"Est. reading time\" \/>\n\t<meta name=\"twitter:data1\" content=\"1 minute\" \/>\n<script type=\"application\/ld+json\" class=\"yoast-schema-graph\">{\"@context\":\"https:\\\/\\\/schema.org\",\"@graph\":[{\"@type\":\"WebPage\",\"@id\":\"https:\\\/\\\/micropro.de\\\/en\\\/company\\\/ausstattung\\\/\",\"url\":\"https:\\\/\\\/micropro.de\\\/en\\\/company\\\/ausstattung\\\/\",\"name\":\"Ausstattung - MicroPro GmbH Microbiological Laboratories Gommern\",\"isPartOf\":{\"@id\":\"https:\\\/\\\/micropro.de\\\/#website\"},\"primaryImageOfPage\":{\"@id\":\"https:\\\/\\\/micropro.de\\\/en\\\/company\\\/ausstattung\\\/#primaryimage\"},\"image\":{\"@id\":\"https:\\\/\\\/micropro.de\\\/en\\\/company\\\/ausstattung\\\/#primaryimage\"},\"thumbnailUrl\":\"https:\\\/\\\/micropro.de\\\/wp-content\\\/uploads\\\/2024\\\/01\\\/Labor-004-scaled.jpg\",\"datePublished\":\"2024-08-16T12:37:38+00:00\",\"dateModified\":\"2026-02-19T10:17:13+00:00\",\"breadcrumb\":{\"@id\":\"https:\\\/\\\/micropro.de\\\/en\\\/company\\\/ausstattung\\\/#breadcrumb\"},\"inLanguage\":\"en-US\",\"potentialAction\":[{\"@type\":\"ReadAction\",\"target\":[\"https:\\\/\\\/micropro.de\\\/en\\\/company\\\/ausstattung\\\/\"]}]},{\"@type\":\"ImageObject\",\"inLanguage\":\"en-US\",\"@id\":\"https:\\\/\\\/micropro.de\\\/en\\\/company\\\/ausstattung\\\/#primaryimage\",\"url\":\"https:\\\/\\\/micropro.de\\\/wp-content\\\/uploads\\\/2024\\\/01\\\/Labor-004-scaled.jpg\",\"contentUrl\":\"https:\\\/\\\/micropro.de\\\/wp-content\\\/uploads\\\/2024\\\/01\\\/Labor-004-scaled.jpg\",\"width\":2560,\"height\":1707,\"caption\":\"Originalbild unter: http:\\\/\\\/onkel-hans.fotograf.de\\\/photo\\\/1b8b8612-b148-4da0-a4c4-39fa5d496d67\"},{\"@type\":\"BreadcrumbList\",\"@id\":\"https:\\\/\\\/micropro.de\\\/en\\\/company\\\/ausstattung\\\/#breadcrumb\",\"itemListElement\":[{\"@type\":\"ListItem\",\"position\":1,\"name\":\"Startseite\",\"item\":\"https:\\\/\\\/micropro.de\\\/en\\\/\"},{\"@type\":\"ListItem\",\"position\":2,\"name\":\"Company\",\"item\":\"https:\\\/\\\/micropro.de\\\/en\\\/company\\\/\"},{\"@type\":\"ListItem\",\"position\":3,\"name\":\"Ausstattung\"}]},{\"@type\":\"WebSite\",\"@id\":\"https:\\\/\\\/micropro.de\\\/#website\",\"url\":\"https:\\\/\\\/micropro.de\\\/\",\"name\":\"MicroPro GmbH Microbiological Laboratories Gommern\",\"description\":\"Forschung und Entwicklungsarbeiten in den Bereichen Erd\u00f6l, Erdgas, Biogas und Wasserstoff\",\"publisher\":{\"@id\":\"https:\\\/\\\/micropro.de\\\/#organization\"},\"potentialAction\":[{\"@type\":\"SearchAction\",\"target\":{\"@type\":\"EntryPoint\",\"urlTemplate\":\"https:\\\/\\\/micropro.de\\\/?s={search_term_string}\"},\"query-input\":{\"@type\":\"PropertyValueSpecification\",\"valueRequired\":true,\"valueName\":\"search_term_string\"}}],\"inLanguage\":\"en-US\"},{\"@type\":\"Organization\",\"@id\":\"https:\\\/\\\/micropro.de\\\/#organization\",\"name\":\"MicroPro GmbH Microbiological Laboratories Gommern\",\"url\":\"https:\\\/\\\/micropro.de\\\/\",\"logo\":{\"@type\":\"ImageObject\",\"inLanguage\":\"en-US\",\"@id\":\"https:\\\/\\\/micropro.de\\\/#\\\/schema\\\/logo\\\/image\\\/\",\"url\":\"https:\\\/\\\/micropro.de\\\/wp-content\\\/uploads\\\/2023\\\/12\\\/Micropro-Logo.svg\",\"contentUrl\":\"https:\\\/\\\/micropro.de\\\/wp-content\\\/uploads\\\/2023\\\/12\\\/Micropro-Logo.svg\",\"width\":1,\"height\":1,\"caption\":\"MicroPro GmbH Microbiological Laboratories Gommern\"},\"image\":{\"@id\":\"https:\\\/\\\/micropro.de\\\/#\\\/schema\\\/logo\\\/image\\\/\"},\"sameAs\":[\"https:\\\/\\\/de.linkedin.com\\\/company\\\/micropro-gmbh\"]}]}<\/script>\n<!-- \/ Yoast SEO plugin. -->","yoast_head_json":{"title":"Ausstattung - MicroPro GmbH Microbiological Laboratories Gommern","robots":{"index":"index","follow":"follow","max-snippet":"max-snippet:-1","max-image-preview":"max-image-preview:large","max-video-preview":"max-video-preview:-1"},"canonical":"https:\/\/micropro.de\/en\/company\/ausstattung\/","og_locale":"en_US","og_type":"article","og_title":"Ausstattung - MicroPro GmbH Microbiological Laboratories Gommern","og_description":"In den Laboren der MicroPro GmbH stehen neben einer umfang\u00adreichen Grund\u00adaus\u00adstattung folgende Ger\u00e4te zur&nbsp;Verf\u00fcgung. Mikrobiologisches Labor: Molekularbiologisches Labor: Chemisches Labor:","og_url":"https:\/\/micropro.de\/en\/company\/ausstattung\/","og_site_name":"MicroPro GmbH Microbiological Laboratories Gommern","article_modified_time":"2026-02-19T10:17:13+00:00","og_image":[{"width":2560,"height":1707,"url":"https:\/\/micropro.de\/wp-content\/uploads\/2024\/01\/Labor-004-scaled.jpg","type":"image\/jpeg"}],"twitter_card":"summary_large_image","twitter_misc":{"Est. reading time":"1 minute"},"schema":{"@context":"https:\/\/schema.org","@graph":[{"@type":"WebPage","@id":"https:\/\/micropro.de\/en\/company\/ausstattung\/","url":"https:\/\/micropro.de\/en\/company\/ausstattung\/","name":"Ausstattung - MicroPro GmbH Microbiological Laboratories Gommern","isPartOf":{"@id":"https:\/\/micropro.de\/#website"},"primaryImageOfPage":{"@id":"https:\/\/micropro.de\/en\/company\/ausstattung\/#primaryimage"},"image":{"@id":"https:\/\/micropro.de\/en\/company\/ausstattung\/#primaryimage"},"thumbnailUrl":"https:\/\/micropro.de\/wp-content\/uploads\/2024\/01\/Labor-004-scaled.jpg","datePublished":"2024-08-16T12:37:38+00:00","dateModified":"2026-02-19T10:17:13+00:00","breadcrumb":{"@id":"https:\/\/micropro.de\/en\/company\/ausstattung\/#breadcrumb"},"inLanguage":"en-US","potentialAction":[{"@type":"ReadAction","target":["https:\/\/micropro.de\/en\/company\/ausstattung\/"]}]},{"@type":"ImageObject","inLanguage":"en-US","@id":"https:\/\/micropro.de\/en\/company\/ausstattung\/#primaryimage","url":"https:\/\/micropro.de\/wp-content\/uploads\/2024\/01\/Labor-004-scaled.jpg","contentUrl":"https:\/\/micropro.de\/wp-content\/uploads\/2024\/01\/Labor-004-scaled.jpg","width":2560,"height":1707,"caption":"Originalbild unter: http:\/\/onkel-hans.fotograf.de\/photo\/1b8b8612-b148-4da0-a4c4-39fa5d496d67"},{"@type":"BreadcrumbList","@id":"https:\/\/micropro.de\/en\/company\/ausstattung\/#breadcrumb","itemListElement":[{"@type":"ListItem","position":1,"name":"Startseite","item":"https:\/\/micropro.de\/en\/"},{"@type":"ListItem","position":2,"name":"Company","item":"https:\/\/micropro.de\/en\/company\/"},{"@type":"ListItem","position":3,"name":"Ausstattung"}]},{"@type":"WebSite","@id":"https:\/\/micropro.de\/#website","url":"https:\/\/micropro.de\/","name":"MicroPro GmbH Microbiological Laboratories Gommern","description":"Forschung und Entwicklungsarbeiten in den Bereichen Erd\u00f6l, Erdgas, Biogas und Wasserstoff","publisher":{"@id":"https:\/\/micropro.de\/#organization"},"potentialAction":[{"@type":"SearchAction","target":{"@type":"EntryPoint","urlTemplate":"https:\/\/micropro.de\/?s={search_term_string}"},"query-input":{"@type":"PropertyValueSpecification","valueRequired":true,"valueName":"search_term_string"}}],"inLanguage":"en-US"},{"@type":"Organization","@id":"https:\/\/micropro.de\/#organization","name":"MicroPro GmbH Microbiological Laboratories Gommern","url":"https:\/\/micropro.de\/","logo":{"@type":"ImageObject","inLanguage":"en-US","@id":"https:\/\/micropro.de\/#\/schema\/logo\/image\/","url":"https:\/\/micropro.de\/wp-content\/uploads\/2023\/12\/Micropro-Logo.svg","contentUrl":"https:\/\/micropro.de\/wp-content\/uploads\/2023\/12\/Micropro-Logo.svg","width":1,"height":1,"caption":"MicroPro GmbH Microbiological Laboratories Gommern"},"image":{"@id":"https:\/\/micropro.de\/#\/schema\/logo\/image\/"},"sameAs":["https:\/\/de.linkedin.com\/company\/micropro-gmbh"]}]}},"_links":{"self":[{"href":"https:\/\/micropro.de\/en\/wp-json\/wp\/v2\/pages\/1047","targetHints":{"allow":["GET"]}}],"collection":[{"href":"https:\/\/micropro.de\/en\/wp-json\/wp\/v2\/pages"}],"about":[{"href":"https:\/\/micropro.de\/en\/wp-json\/wp\/v2\/types\/page"}],"author":[{"embeddable":true,"href":"https:\/\/micropro.de\/en\/wp-json\/wp\/v2\/users\/1"}],"replies":[{"embeddable":true,"href":"https:\/\/micropro.de\/en\/wp-json\/wp\/v2\/comments?post=1047"}],"version-history":[{"count":2,"href":"https:\/\/micropro.de\/en\/wp-json\/wp\/v2\/pages\/1047\/revisions"}],"predecessor-version":[{"id":1372,"href":"https:\/\/micropro.de\/en\/wp-json\/wp\/v2\/pages\/1047\/revisions\/1372"}],"up":[{"embeddable":true,"href":"https:\/\/micropro.de\/en\/wp-json\/wp\/v2\/pages\/1030"}],"wp:featuredmedia":[{"embeddable":true,"href":"https:\/\/micropro.de\/en\/wp-json\/wp\/v2\/media\/323"}],"wp:attachment":[{"href":"https:\/\/micropro.de\/en\/wp-json\/wp\/v2\/media?parent=1047"}],"curies":[{"name":"wp","href":"https:\/\/api.w.org\/{rel}","templated":true}]}}