{"id":918,"date":"2024-01-11T16:34:33","date_gmt":"2024-01-11T15:34:33","guid":{"rendered":"https:\/\/micropro.de\/analysen\/oel-und-gaslagerstaetten\/"},"modified":"2026-02-19T15:23:42","modified_gmt":"2026-02-19T14:23:42","slug":"oel-und-gaslagerstaetten","status":"publish","type":"page","link":"https:\/\/micropro.de\/en\/analysen\/oel-und-gaslagerstaetten\/","title":{"rendered":"Erd\u00f6l- und&nbsp;Gaslagerst\u00e4tten"},"content":{"rendered":"\n<p>In Kohlen\u00adwas\u00adser\u00adstoff\u00adla\u00adger\u00adst\u00e4tten spielen Mikro\u00ador\u00adga\u00adnismen h\u00e4ufig eine wichtige Rolle und k\u00f6nnen unter ung\u00fcns\u00adtigen Verh\u00e4lt\u00adnissen technische Probleme verur\u00adsachen. Die ablau\u00adfenden mikro\u00adbiellen Prozesse sind h\u00e4ufig sehr komplex und durch Struktur und Gr\u00f6\u00dfe der Matrix nur schwer zu beein\u00adflussen. Umso wichtiger ist die Vermeidung einer sekun\u00add\u00e4ren Konta\u00admi\u00adnation bzw. ein fr\u00fchzei\u00adtiges Erkennen und Eingreifen im&nbsp;Schadensfall.<\/p>\n\n\n\n<p>Wir bieten Ihnen speziell angepasste mikro\u00adbio\u00adlo\u00adgische Unter\u00adsu\u00adchungen an wasser\u2011, \u00f6l- oder feststoff\u00adhal\u00adtigen Proben unter praxis\u00adre\u00adle\u00advanten Bedin\u00adgungen aus dem Lager\u00adst\u00e4t\u00adten\u00adbe\u00adreich oder obert\u00e4\u00adgigen&nbsp;Anlagenteilen.<\/p>\n\n\n\n<div style=\"height:130px\" aria-hidden=\"true\" class=\"wp-block-spacer\"><\/div>\n\n\n\n<div class=\"wp-block-group left-padding-box\"><div class=\"wp-block-group__inner-container is-layout-constrained wp-block-group-is-layout-constrained\">\n<h2 class=\"wp-block-heading special\">Leistungsumfang<\/h2>\n\n\n\n<ul class=\"wp-block-list pt-0\">\n<li>Entnahme von fl\u00fcssigen Proben oder Feststoffen aus den entspre\u00adchenden geolo\u00adgi\u00adschen Struk\u00adturen oder&nbsp;Anlagenteilen<\/li>\n\n\n\n<li>Unter\u00adsu\u00adchung der Proben auf alle relevanten Bakteriengruppen<\/li>\n\n\n\n<li>Unter\u00adsu\u00adchung der vorge\u00adfun\u00addenen Bakterien auf die Verwertung relevanter Stoffe, z.B. Wasser\u00adstoff sowie auf die Bildung von kriti\u00adschen Stoff\u00adwech\u00adsel\u00adpro\u00addukten, z.B.&nbsp;Schwefelwasserstoff<\/li>\n\n\n\n<li>Bestimmung des Besied\u00adlungs\u00adgrades und der Aktivit\u00e4t unter den jewei\u00adligen Stand\u00adort\u00adbe\u00addin\u00adgungen (Salzgehalt, Tempe\u00adratur, Chemie, Druck)<\/li>\n\n\n\n<li>Identi\u00adfi\u00adzierung indivi\u00addu\u00adeller Bakte\u00adri\u00aden\u00adgruppen in vorge\u00adfun\u00addenen Mikro\u00ador\u00adga\u00adnis\u00admen\u00adspektren mittels moleku\u00adlar\u00adbio\u00adlo\u00adgi\u00adscher und bioche\u00admi\u00adscher&nbsp;Methoden<\/li>\n\n\n\n<li>Ermittlung der Ursachen f\u00fcr mikro\u00adbielle Besied\u00adlungen und Ableitung m\u00f6glicher Gegenma\u00dfnahmen<\/li>\n\n\n\n<li>Empfeh\u00adlungen zur Stabi\u00adli\u00adsierung von Bohrsp\u00fc\u00adlungen, Flutw\u00e4ssern oder&nbsp;Sole<\/li>\n\n\n\n<li>\u00dcberpr\u00fcfung der Wirksamkeit einge\u00adsetzter Biozide<\/li>\n\n\n\n<li>Gutachten, Risiko\u00adbe\u00adwertung, wissen\u00adschaft\u00adliche&nbsp;Studien<\/li>\n<\/ul>\n\n\n\n<h2 class=\"wp-block-heading special\">Typische mikrobiell verursachte St\u00f6rf\u00e4lle sind:<\/h2>\n\n\n\n<ul class=\"wp-block-list pt-0\">\n<li>Mikro\u00adbielle Korrosion an Sonden\u00adk\u00f6pfen, Rohrlei\u00adtungen oder obert\u00e4\u00adgigen&nbsp;Anlagenteilen<\/li>\n\n\n\n<li>Quali\u00adt\u00e4ts\u00admin\u00adderung durch&nbsp;Schwefelwasserstoffbildung<\/li>\n\n\n\n<li>Blockierung von Sonden oder Verstop\u00adfungen in obert\u00e4\u00adgigen Anlagen aufgrund mikro\u00adbieller Stoff\u00adwech\u00adsel\u00adpro\u00addukte (z.B. FeS) oder bakte\u00adri\u00adellen Bewuchses (Biofilme, Schleimbildung)<\/li>\n\n\n\n<li>Vers\u00e4uerung, Ausf\u00e4l\u00adlungen oder&nbsp;Ablagerungen<\/li>\n\n\n\n<li>Permea\u00adbi\u00adli\u00adt\u00e4ts\u00admin\u00adde\u00adrungen in der&nbsp;Schicht<\/li>\n\n\n\n<li>Versagen von Sp\u00fclungs- oder anderen Bohrchemikalien<\/li>\n<\/ul>\n\n\n\n<p>Die Unter\u00adsu\u00adchungen erfordern in jedem Fall eine mikro\u00adbio\u00adlo\u00adgische Betrachtung der konkreten Stand\u00adort\u00adbe\u00addin\u00adgungen. Spezielle und erprobte Testmedien und \u2013verfahren garan\u00adtieren eine zuver\u00adl\u00e4ssige Analyse und Typisierung der vorkom\u00admenden Organismen. Dar\u00fcber hinaus erm\u00f6g\u00adlichen bew\u00e4hrte Lebend\u00adtests eine anwen\u00adder\u00adori\u00aden\u00adtierte, weitge\u00adhende Charak\u00adte\u00adri\u00adsierung der nachge\u00adwie\u00adsenen Bakte\u00adri\u00aden\u00adpo\u00adpu\u00adla\u00adtionen. Erg\u00e4nzt werden diese Analysen durch moleku\u00adlar\u00adbio\u00adlo\u00adgische Nachweis- und&nbsp;Typisierungsverfahren.<\/p>\n<\/div><\/div>\n\n\n\n<div class=\"wp-block-group left-padding-box\"><div class=\"wp-block-group__inner-container is-layout-constrained wp-block-group-is-layout-constrained\">\n<h2 class=\"wp-block-heading special\">Fallbeispiele<\/h2>\n\n\n\n<div class=\"wp-block-pb-accordion-item c-accordion__item js-accordion-item no-js\" data-initially-open=\"false\" data-click-to-close=\"true\" data-auto-close=\"true\" data-scroll=\"true\" data-scroll-offset=\"100\"><h3 id=\"at-400\" class=\"c-accordion__title js-accordion-controller\" role=\"button\">Injektionswasseruntersuchungen und&nbsp;Biozidtest<\/h3><div id=\"ac-400\" class=\"c-accordion__content\">\n<p>Auf einem Erd\u00f6lfeld wurde dem Injek\u00adti\u00adons\u00adwasser zur Vorbeugung gegen bakte\u00adrielle Infek\u00adtionen ein Biozid zugesetzt. Trotzdem konnte in mehreren Tiefen\u00adproben des Flutwassers der Lager\u00adst\u00e4tte die Entwicklung von Bakterien nachge\u00adwiesen werden. Es war zu kl\u00e4ren, warum das einge\u00adsetzte Biozid keine ausrei\u00adchende Wirkung auf die Bakterien des Injektions- bzw. Flutwassers hatte.<\/p>\n\n\n\n<p>Durch mikro\u00adbio\u00adlo\u00adgische und moleku\u00adlar\u00adbio\u00adlo\u00adgische Unter\u00adsu\u00adchungen wurde die in der Lager\u00adst\u00e4tte auftre\u00adtende Bakte\u00adri\u00aden\u00adpo\u00adpu\u00adlation charak\u00adte\u00adri\u00adsiert und Keimge\u00admische f\u00fcr die Biozid\u00adtests&nbsp;kultiviert.<\/p>\n\n\n\n<p>Zur Bestimmung der bioziden Wirksamkeit wurden alle dem Flutwasser zudosierten Chemi\u00adkalien ber\u00fcck\u00adsichtigt. Dabei konnte in Lebend\u00adtests nachge\u00adwiesen werden, dass der einge\u00adsetzte Sauerstoff-Scavenger wirksame Kompo\u00adnenten des Biozides inhibiert, wodurch die biozide Wirkung nachweislich stark einge\u00adschr\u00e4nkt wurde. Zus\u00e4tzlich wurde mit dem Scavanger eine fehlende N\u00e4hrsalz\u00adkom\u00adpo\u00adnente in die Lager\u00adst\u00e4tte einge\u00adtragen, wodurch es noch zu einer Verst\u00e4rkung des bakte\u00adri\u00adellen Wachstums kam.<\/p>\n\n\n\n<p>Durch Testung und Auswahl eines alter\u00adna\u00adtiven Biozid-Pr\u00e4parates konnte das Problem behoben werden.<\/p>\n<\/div><\/div>\n\n\n\n<div class=\"wp-block-pb-accordion-item c-accordion__item js-accordion-item no-js\" data-initially-open=\"false\" data-click-to-close=\"true\" data-auto-close=\"true\" data-scroll=\"true\" data-scroll-offset=\"100\"><h3 id=\"at-401\" class=\"c-accordion__title js-accordion-controller\" role=\"button\">Nitratbehandlung einer&nbsp;Lagerst\u00e4tte<\/h3><div id=\"ac-401\" class=\"c-accordion__content\">\n<p>Durch Injektion von sulfat\u00adhal\u00adtigem Wasser in eine \u00d6llager\u00adst\u00e4tte wurde eine unerw\u00fcnschte mikro\u00adbiell verur\u00adsachte Sulfid\u00adbildung ausgel\u00f6st. Zur Unter\u00addr\u00fc\u00adckung von sulfat\u00adre\u00addu\u00adzie\u00adrenden Bakterien (SRB) sollte der Einsatz von Nitrat unter\u00adsucht werden. Unter bestimmten Voraus\u00adset\u00adzungen kann die Dosierung von Nitrat zur Hemmung der Sulfat\u00adre\u00adduktion f\u00fchren.<\/p>\n\n\n\n<p>Mit entspre\u00adchenden Proben der Lagerst\u00e4tten- und Injek\u00adti\u00adons\u00adw\u00e4sser wurden unter Lager\u00adst\u00e4t\u00adten\u00adbe\u00addin\u00adgungen zahlreiche Modell\u00adver\u00adsuche mit zuvor angerei\u00adcherten SRB-Keimgemischen durchgef\u00fchrt.<\/p>\n\n\n\n<p>Die umfang\u00adreiche Studie ergab, dass Nitrat direkt nur eine zeitlich begrenzte unter\u00addr\u00fc\u00adckende Wirkung hatte. Sind hingegen Nitrat\u00adre\u00addu\u00adzierer vorhanden, welche Nitrat zu Nitrit reduzieren, wirkt Nitrit nachhaltig hemmend auf die Sulfat\u00adre\u00adduktion. Die komplexen Hemmwir\u00adkungen und konkreten Bedin\u00adgungen wurden beschrieben und entspre\u00adchende Handlungs\u00ademp\u00adfeh\u00adlungen f\u00fcr den Betreiber ausgearbeitet.<\/p>\n<\/div><\/div>\n\n\n\n<div class=\"wp-block-pb-accordion-item c-accordion__item js-accordion-item no-js\" data-initially-open=\"false\" data-click-to-close=\"true\" data-auto-close=\"true\" data-scroll=\"true\" data-scroll-offset=\"100\"><h3 id=\"at-402\" class=\"c-accordion__title js-accordion-controller\" role=\"button\"><strong>Untersuchung von Ablagerungen an einer&nbsp;Sonde<\/strong><\/h3><div id=\"ac-402\" class=\"c-accordion__content\">\n<p>Als Folge von Ausf\u00e4l\u00adlungen und Ablage\u00adrungen traten an der Sonde einer Verpress\u00adbohrung Verstop\u00adfungen auf. Um m\u00f6gliche bakte\u00adrielle Prozesse auszu\u00adschlie\u00dfen wurden an r\u00fcckge\u00adf\u00f6r\u00addertem Wasser entspre\u00adchende Unter\u00adsu\u00adchungen durch\u00adge\u00adf\u00fchrt. Die Ergeb\u00adnisse zeigten keinerlei lebende Bakterien oder keimf\u00e4hige Sporen. Die Ablage\u00adrungen wurden als minera\u00adlische Partikel charak\u00adte\u00adri\u00adsiert und sp\u00e4ter chemisch weiter unter\u00adsucht. Eine aktuelle Gef\u00e4hrdung durch mikro\u00adbielle Aktivi\u00adt\u00e4ten konnte ausge\u00adschlossen werden.<\/p>\n<\/div><\/div>\n<\/div><\/div>\n\n\n\n<div style=\"height:100px\" aria-hidden=\"true\" class=\"wp-block-spacer\"><\/div>\n","protected":false},"excerpt":{"rendered":"<p>In Kohlen\u00adwas\u00adser\u00adstoff\u00adla\u00adger\u00adst\u00e4tten spielen Mikro\u00ador\u00adga\u00adnismen h\u00e4ufig eine wichtige Rolle und k\u00f6nnen unter ung\u00fcns\u00adtigen Verh\u00e4lt\u00adnissen technische Probleme verur\u00adsachen. Die ablau\u00adfenden mikro\u00adbiellen Prozesse sind h\u00e4ufig sehr komplex und durch Struktur und Gr\u00f6\u00dfe der Matrix nur schwer zu beein\u00adflussen. Umso wichtiger ist die Vermeidung einer sekun\u00add\u00e4ren Konta\u00admi\u00adnation bzw. ein fr\u00fchzei\u00adtiges Erkennen und Eingreifen im&nbsp;Schadensfall. Wir bieten Ihnen speziell angepasste&nbsp;[\u2026]<\/p>\n","protected":false},"author":1,"featured_media":311,"parent":902,"menu_order":0,"comment_status":"closed","ping_status":"closed","template":"page-full-width-image.php","meta":{"wp_typography_post_enhancements_disabled":false,"_hupa_show_title":true,"_hupa_custom_title":"","_hupa_title_css":"","_hupa_select_menu":1,"_hupa_select_sidebar":1,"_hupa_show_social_media":false,"_hupa_select_social_type":0,"_hupa_select_social_color":0,"_hupa_social_media_css":"","_hupa_select_handy_menu":1,"_hupa_select_top_area":1,"_hupa_show_bottom_footer":true,"_hupa_show_top_footer":false,"_hupa_show_widgets_footer":false,"_hupa_sticky_widgets_footer":1,"_hupa_select_header":0,"_hupa_select_container":0,"_hupa_top_area_container":0,"_hupa_main_container":0,"_hupa_select_footer":0,"_hupa_show_menu":true,"_hupa_show_custom_url":false,"_hupa_beitragsbild_url":"","footnotes":""},"class_list":["post-918","page","type-page","status-publish","has-post-thumbnail","hentry"],"yoast_head":"<!-- This site is optimized with the Yoast SEO plugin v27.4 - https:\/\/yoast.com\/product\/yoast-seo-wordpress\/ -->\n<title>Erd\u00f6l- und Gaslagerst\u00e4tten - MicroPro GmbH Microbiological Laboratories Gommern<\/title>\n<meta name=\"robots\" content=\"index, follow, max-snippet:-1, max-image-preview:large, max-video-preview:-1\" \/>\n<link rel=\"canonical\" href=\"https:\/\/micropro.de\/en\/analysen\/oel-und-gaslagerstaetten\/\" \/>\n<meta property=\"og:locale\" content=\"en_US\" \/>\n<meta property=\"og:type\" content=\"article\" \/>\n<meta property=\"og:title\" content=\"Erd\u00f6l- und Gaslagerst\u00e4tten - MicroPro GmbH Microbiological Laboratories Gommern\" \/>\n<meta property=\"og:description\" content=\"In Kohlen\u00adwas\u00adser\u00adstoff\u00adla\u00adger\u00adst\u00e4tten spielen Mikro\u00ador\u00adga\u00adnismen h\u00e4ufig eine wichtige Rolle und k\u00f6nnen unter ung\u00fcns\u00adtigen Verh\u00e4lt\u00adnissen technische Probleme verur\u00adsachen. Die ablau\u00adfenden mikro\u00adbiellen Prozesse sind h\u00e4ufig sehr komplex und durch Struktur und Gr\u00f6\u00dfe der Matrix nur schwer zu beein\u00adflussen. Umso wichtiger ist die Vermeidung einer sekun\u00add\u00e4ren Konta\u00admi\u00adnation bzw. ein fr\u00fchzei\u00adtiges Erkennen und Eingreifen im&nbsp;Schadensfall. Wir bieten Ihnen speziell angepasste [&hellip;]\" \/>\n<meta property=\"og:url\" content=\"https:\/\/micropro.de\/en\/analysen\/oel-und-gaslagerstaetten\/\" \/>\n<meta property=\"og:site_name\" content=\"MicroPro GmbH Microbiological Laboratories Gommern\" \/>\n<meta property=\"article:modified_time\" content=\"2026-02-19T14:23:42+00:00\" \/>\n<meta property=\"og:image\" content=\"https:\/\/micropro.de\/wp-content\/uploads\/2024\/01\/Analysen-002-Hochdruckreaktoren-scaled.jpg\" \/>\n\t<meta property=\"og:image:width\" content=\"2560\" \/>\n\t<meta property=\"og:image:height\" content=\"1707\" \/>\n\t<meta property=\"og:image:type\" content=\"image\/jpeg\" \/>\n<meta name=\"twitter:card\" content=\"summary_large_image\" \/>\n<meta name=\"twitter:label1\" content=\"Est. reading time\" \/>\n\t<meta name=\"twitter:data1\" content=\"3 minutes\" \/>\n<script type=\"application\/ld+json\" class=\"yoast-schema-graph\">{\"@context\":\"https:\\\/\\\/schema.org\",\"@graph\":[{\"@type\":\"WebPage\",\"@id\":\"https:\\\/\\\/micropro.de\\\/en\\\/analysen\\\/oel-und-gaslagerstaetten\\\/\",\"url\":\"https:\\\/\\\/micropro.de\\\/en\\\/analysen\\\/oel-und-gaslagerstaetten\\\/\",\"name\":\"Erd\u00f6l- und Gaslagerst\u00e4tten - MicroPro GmbH Microbiological Laboratories Gommern\",\"isPartOf\":{\"@id\":\"https:\\\/\\\/micropro.de\\\/#website\"},\"primaryImageOfPage\":{\"@id\":\"https:\\\/\\\/micropro.de\\\/en\\\/analysen\\\/oel-und-gaslagerstaetten\\\/#primaryimage\"},\"image\":{\"@id\":\"https:\\\/\\\/micropro.de\\\/en\\\/analysen\\\/oel-und-gaslagerstaetten\\\/#primaryimage\"},\"thumbnailUrl\":\"https:\\\/\\\/micropro.de\\\/wp-content\\\/uploads\\\/2024\\\/01\\\/Analysen-002-Hochdruckreaktoren-scaled.jpg\",\"datePublished\":\"2024-01-11T15:34:33+00:00\",\"dateModified\":\"2026-02-19T14:23:42+00:00\",\"breadcrumb\":{\"@id\":\"https:\\\/\\\/micropro.de\\\/en\\\/analysen\\\/oel-und-gaslagerstaetten\\\/#breadcrumb\"},\"inLanguage\":\"en-US\",\"potentialAction\":[{\"@type\":\"ReadAction\",\"target\":[\"https:\\\/\\\/micropro.de\\\/en\\\/analysen\\\/oel-und-gaslagerstaetten\\\/\"]}]},{\"@type\":\"ImageObject\",\"inLanguage\":\"en-US\",\"@id\":\"https:\\\/\\\/micropro.de\\\/en\\\/analysen\\\/oel-und-gaslagerstaetten\\\/#primaryimage\",\"url\":\"https:\\\/\\\/micropro.de\\\/wp-content\\\/uploads\\\/2024\\\/01\\\/Analysen-002-Hochdruckreaktoren-scaled.jpg\",\"contentUrl\":\"https:\\\/\\\/micropro.de\\\/wp-content\\\/uploads\\\/2024\\\/01\\\/Analysen-002-Hochdruckreaktoren-scaled.jpg\",\"width\":2560,\"height\":1707,\"caption\":\"Originalbild unter: http:\\\/\\\/onkel-hans.fotograf.de\\\/photo\\\/79ea2623-0d97-4a95-b220-0a63fa19a547\"},{\"@type\":\"BreadcrumbList\",\"@id\":\"https:\\\/\\\/micropro.de\\\/en\\\/analysen\\\/oel-und-gaslagerstaetten\\\/#breadcrumb\",\"itemListElement\":[{\"@type\":\"ListItem\",\"position\":1,\"name\":\"Startseite\",\"item\":\"https:\\\/\\\/micropro.de\\\/en\\\/\"},{\"@type\":\"ListItem\",\"position\":2,\"name\":\"Analyses\",\"item\":\"https:\\\/\\\/micropro.de\\\/en\\\/analysen\\\/\"},{\"@type\":\"ListItem\",\"position\":3,\"name\":\"Erd\u00f6l- und Gaslagerst\u00e4tten\"}]},{\"@type\":\"WebSite\",\"@id\":\"https:\\\/\\\/micropro.de\\\/#website\",\"url\":\"https:\\\/\\\/micropro.de\\\/\",\"name\":\"MicroPro GmbH Microbiological Laboratories Gommern\",\"description\":\"Forschung und Entwicklungsarbeiten in den Bereichen Erd\u00f6l, Erdgas, Biogas und Wasserstoff\",\"publisher\":{\"@id\":\"https:\\\/\\\/micropro.de\\\/#organization\"},\"potentialAction\":[{\"@type\":\"SearchAction\",\"target\":{\"@type\":\"EntryPoint\",\"urlTemplate\":\"https:\\\/\\\/micropro.de\\\/?s={search_term_string}\"},\"query-input\":{\"@type\":\"PropertyValueSpecification\",\"valueRequired\":true,\"valueName\":\"search_term_string\"}}],\"inLanguage\":\"en-US\"},{\"@type\":\"Organization\",\"@id\":\"https:\\\/\\\/micropro.de\\\/#organization\",\"name\":\"MicroPro GmbH Microbiological Laboratories Gommern\",\"url\":\"https:\\\/\\\/micropro.de\\\/\",\"logo\":{\"@type\":\"ImageObject\",\"inLanguage\":\"en-US\",\"@id\":\"https:\\\/\\\/micropro.de\\\/#\\\/schema\\\/logo\\\/image\\\/\",\"url\":\"https:\\\/\\\/micropro.de\\\/wp-content\\\/uploads\\\/2023\\\/12\\\/Micropro-Logo.svg\",\"contentUrl\":\"https:\\\/\\\/micropro.de\\\/wp-content\\\/uploads\\\/2023\\\/12\\\/Micropro-Logo.svg\",\"width\":1,\"height\":1,\"caption\":\"MicroPro GmbH Microbiological Laboratories Gommern\"},\"image\":{\"@id\":\"https:\\\/\\\/micropro.de\\\/#\\\/schema\\\/logo\\\/image\\\/\"},\"sameAs\":[\"https:\\\/\\\/de.linkedin.com\\\/company\\\/micropro-gmbh\"]}]}<\/script>\n<!-- \/ Yoast SEO plugin. -->","yoast_head_json":{"title":"Erd\u00f6l- und Gaslagerst\u00e4tten - MicroPro GmbH Microbiological Laboratories Gommern","robots":{"index":"index","follow":"follow","max-snippet":"max-snippet:-1","max-image-preview":"max-image-preview:large","max-video-preview":"max-video-preview:-1"},"canonical":"https:\/\/micropro.de\/en\/analysen\/oel-und-gaslagerstaetten\/","og_locale":"en_US","og_type":"article","og_title":"Erd\u00f6l- und Gaslagerst\u00e4tten - MicroPro GmbH Microbiological Laboratories Gommern","og_description":"In Kohlen\u00adwas\u00adser\u00adstoff\u00adla\u00adger\u00adst\u00e4tten spielen Mikro\u00ador\u00adga\u00adnismen h\u00e4ufig eine wichtige Rolle und k\u00f6nnen unter ung\u00fcns\u00adtigen Verh\u00e4lt\u00adnissen technische Probleme verur\u00adsachen. Die ablau\u00adfenden mikro\u00adbiellen Prozesse sind h\u00e4ufig sehr komplex und durch Struktur und Gr\u00f6\u00dfe der Matrix nur schwer zu beein\u00adflussen. Umso wichtiger ist die Vermeidung einer sekun\u00add\u00e4ren Konta\u00admi\u00adnation bzw. ein fr\u00fchzei\u00adtiges Erkennen und Eingreifen im&nbsp;Schadensfall. Wir bieten Ihnen speziell angepasste [&hellip;]","og_url":"https:\/\/micropro.de\/en\/analysen\/oel-und-gaslagerstaetten\/","og_site_name":"MicroPro GmbH Microbiological Laboratories Gommern","article_modified_time":"2026-02-19T14:23:42+00:00","og_image":[{"width":2560,"height":1707,"url":"https:\/\/micropro.de\/wp-content\/uploads\/2024\/01\/Analysen-002-Hochdruckreaktoren-scaled.jpg","type":"image\/jpeg"}],"twitter_card":"summary_large_image","twitter_misc":{"Est. reading time":"3 minutes"},"schema":{"@context":"https:\/\/schema.org","@graph":[{"@type":"WebPage","@id":"https:\/\/micropro.de\/en\/analysen\/oel-und-gaslagerstaetten\/","url":"https:\/\/micropro.de\/en\/analysen\/oel-und-gaslagerstaetten\/","name":"Erd\u00f6l- und Gaslagerst\u00e4tten - MicroPro GmbH Microbiological Laboratories Gommern","isPartOf":{"@id":"https:\/\/micropro.de\/#website"},"primaryImageOfPage":{"@id":"https:\/\/micropro.de\/en\/analysen\/oel-und-gaslagerstaetten\/#primaryimage"},"image":{"@id":"https:\/\/micropro.de\/en\/analysen\/oel-und-gaslagerstaetten\/#primaryimage"},"thumbnailUrl":"https:\/\/micropro.de\/wp-content\/uploads\/2024\/01\/Analysen-002-Hochdruckreaktoren-scaled.jpg","datePublished":"2024-01-11T15:34:33+00:00","dateModified":"2026-02-19T14:23:42+00:00","breadcrumb":{"@id":"https:\/\/micropro.de\/en\/analysen\/oel-und-gaslagerstaetten\/#breadcrumb"},"inLanguage":"en-US","potentialAction":[{"@type":"ReadAction","target":["https:\/\/micropro.de\/en\/analysen\/oel-und-gaslagerstaetten\/"]}]},{"@type":"ImageObject","inLanguage":"en-US","@id":"https:\/\/micropro.de\/en\/analysen\/oel-und-gaslagerstaetten\/#primaryimage","url":"https:\/\/micropro.de\/wp-content\/uploads\/2024\/01\/Analysen-002-Hochdruckreaktoren-scaled.jpg","contentUrl":"https:\/\/micropro.de\/wp-content\/uploads\/2024\/01\/Analysen-002-Hochdruckreaktoren-scaled.jpg","width":2560,"height":1707,"caption":"Originalbild unter: http:\/\/onkel-hans.fotograf.de\/photo\/79ea2623-0d97-4a95-b220-0a63fa19a547"},{"@type":"BreadcrumbList","@id":"https:\/\/micropro.de\/en\/analysen\/oel-und-gaslagerstaetten\/#breadcrumb","itemListElement":[{"@type":"ListItem","position":1,"name":"Startseite","item":"https:\/\/micropro.de\/en\/"},{"@type":"ListItem","position":2,"name":"Analyses","item":"https:\/\/micropro.de\/en\/analysen\/"},{"@type":"ListItem","position":3,"name":"Erd\u00f6l- und Gaslagerst\u00e4tten"}]},{"@type":"WebSite","@id":"https:\/\/micropro.de\/#website","url":"https:\/\/micropro.de\/","name":"MicroPro GmbH Microbiological Laboratories Gommern","description":"Forschung und Entwicklungsarbeiten in den Bereichen Erd\u00f6l, Erdgas, Biogas und Wasserstoff","publisher":{"@id":"https:\/\/micropro.de\/#organization"},"potentialAction":[{"@type":"SearchAction","target":{"@type":"EntryPoint","urlTemplate":"https:\/\/micropro.de\/?s={search_term_string}"},"query-input":{"@type":"PropertyValueSpecification","valueRequired":true,"valueName":"search_term_string"}}],"inLanguage":"en-US"},{"@type":"Organization","@id":"https:\/\/micropro.de\/#organization","name":"MicroPro GmbH Microbiological Laboratories Gommern","url":"https:\/\/micropro.de\/","logo":{"@type":"ImageObject","inLanguage":"en-US","@id":"https:\/\/micropro.de\/#\/schema\/logo\/image\/","url":"https:\/\/micropro.de\/wp-content\/uploads\/2023\/12\/Micropro-Logo.svg","contentUrl":"https:\/\/micropro.de\/wp-content\/uploads\/2023\/12\/Micropro-Logo.svg","width":1,"height":1,"caption":"MicroPro GmbH Microbiological Laboratories Gommern"},"image":{"@id":"https:\/\/micropro.de\/#\/schema\/logo\/image\/"},"sameAs":["https:\/\/de.linkedin.com\/company\/micropro-gmbh"]}]}},"_links":{"self":[{"href":"https:\/\/micropro.de\/en\/wp-json\/wp\/v2\/pages\/918","targetHints":{"allow":["GET"]}}],"collection":[{"href":"https:\/\/micropro.de\/en\/wp-json\/wp\/v2\/pages"}],"about":[{"href":"https:\/\/micropro.de\/en\/wp-json\/wp\/v2\/types\/page"}],"author":[{"embeddable":true,"href":"https:\/\/micropro.de\/en\/wp-json\/wp\/v2\/users\/1"}],"replies":[{"embeddable":true,"href":"https:\/\/micropro.de\/en\/wp-json\/wp\/v2\/comments?post=918"}],"version-history":[{"count":4,"href":"https:\/\/micropro.de\/en\/wp-json\/wp\/v2\/pages\/918\/revisions"}],"predecessor-version":[{"id":1378,"href":"https:\/\/micropro.de\/en\/wp-json\/wp\/v2\/pages\/918\/revisions\/1378"}],"up":[{"embeddable":true,"href":"https:\/\/micropro.de\/en\/wp-json\/wp\/v2\/pages\/902"}],"wp:featuredmedia":[{"embeddable":true,"href":"https:\/\/micropro.de\/en\/wp-json\/wp\/v2\/media\/311"}],"wp:attachment":[{"href":"https:\/\/micropro.de\/en\/wp-json\/wp\/v2\/media?parent=918"}],"curies":[{"name":"wp","href":"https:\/\/api.w.org\/{rel}","templated":true}]}}